{"id":8,"date":"2020-04-26T14:37:00","date_gmt":"2020-04-26T14:37:00","guid":{"rendered":"https:\/\/www.bnb-blomberg.ch\/?page_id=8"},"modified":"2025-11-25T13:20:40","modified_gmt":"2025-11-25T13:20:40","slug":"herzlich-willkommen-im-doerfli-blomberg-in-ebnat-kappel","status":"publish","type":"page","link":"https:\/\/www.bnb-blomberg.ch\/","title":{"rendered":"Herzlich willkommen"},"content":{"rendered":"\n<p><strong>Bei uns k\u00f6nnen Sie sich erholen, abschalten, die Ruhe geniessen,  wandern,  velofahren<\/strong>, <strong>spazieren winterwandern schlitteln skifahren und einfach sein<\/strong>.<\/p>\n\n\n\n<p>Wir begr\u00fcssen euch gerne auf unserem Hof mit H\u00fchnern sowie einer liebenden Schmeichelkatze Joggi.<\/p>\n\n\n\n<p>Mittlerweile sind dank guter Erfahrungen auch Hundehalter und ihre vierbeinigen Begleiter herzlich willkommen wenn der Hund ruhig, zufrieden und angepasst ist .<\/p>\n\n\n\n<p>Das B&amp;B bietet Ihnen einen erholsamen und angenehmen Aufenthalt im malerischen Toggenburg. Das sch\u00f6n renovierte, heimelige Bauernhaus befindet sich auf ca. 750 m \u00fc.M. in idealer Lage direkt an der Schweizmobil Route 95 f\u00fcr Velofahrer. Im Sommer wie im Winter l\u00e4dt das familienfreundliche Sport- und Erholungsgebiet Wolzenalp zum Wandern und Skifahren ein, die Sportbahn ist mit dem Auto in 5 Min. erreichbar. Kinder sind sehr willkommen.<\/p>\n\n\n\n<figure class=\"wp-block-image size-large\"><img loading=\"lazy\" decoding=\"async\" width=\"768\" height=\"1024\" src=\"https:\/\/www.bnb-blomberg.ch\/wp-content\/uploads\/2025\/11\/6-768x1024.jpg\" alt=\"\" class=\"wp-image-1466\" srcset=\"https:\/\/www.bnb-blomberg.ch\/wp-content\/uploads\/2025\/11\/6-768x1024.jpg 768w, https:\/\/www.bnb-blomberg.ch\/wp-content\/uploads\/2025\/11\/6-225x300.jpg 225w, https:\/\/www.bnb-blomberg.ch\/wp-content\/uploads\/2025\/11\/6-1152x1536.jpg 1152w, https:\/\/www.bnb-blomberg.ch\/wp-content\/uploads\/2025\/11\/6.jpg 1200w\" sizes=\"auto, (max-width: 767px) 89vw, (max-width: 1000px) 54vw, (max-width: 1071px) 543px, 580px\" \/><\/figure>\n\n\n\n<figure class=\"wp-block-gallery has-nested-images columns-default is-cropped wp-block-gallery-1 is-layout-flex wp-block-gallery-is-layout-flex\">\n<figure class=\"wp-block-image size-large\"><img loading=\"lazy\" decoding=\"async\" width=\"771\" height=\"1024\" data-id=\"1461\" src=\"https:\/\/www.bnb-blomberg.ch\/wp-content\/uploads\/2025\/11\/IMG_20251121_083604-771x1024.jpg\" alt=\"\" class=\"wp-image-1461\" srcset=\"https:\/\/www.bnb-blomberg.ch\/wp-content\/uploads\/2025\/11\/IMG_20251121_083604-771x1024.jpg 771w, https:\/\/www.bnb-blomberg.ch\/wp-content\/uploads\/2025\/11\/IMG_20251121_083604-226x300.jpg 226w, https:\/\/www.bnb-blomberg.ch\/wp-content\/uploads\/2025\/11\/IMG_20251121_083604-768x1020.jpg 768w, https:\/\/www.bnb-blomberg.ch\/wp-content\/uploads\/2025\/11\/IMG_20251121_083604-1157x1536.jpg 1157w, https:\/\/www.bnb-blomberg.ch\/wp-content\/uploads\/2025\/11\/IMG_20251121_083604-1542x2048.jpg 1542w, https:\/\/www.bnb-blomberg.ch\/wp-content\/uploads\/2025\/11\/IMG_20251121_083604-scaled.jpg 1928w\" sizes=\"auto, (max-width: 767px) 89vw, (max-width: 1000px) 54vw, (max-width: 1071px) 543px, 580px\" \/><\/figure>\n<\/figure>\n\n\n\n<figure class=\"wp-block-image size-full is-resized\"><img loading=\"lazy\" decoding=\"async\" width=\"1928\" height=\"2560\" src=\"https:\/\/www.bnb-blomberg.ch\/wp-content\/uploads\/2025\/11\/IMG_20251121_083448-scaled.jpg\" alt=\"\" class=\"wp-image-1487\" style=\"width:673px;height:1010px\" srcset=\"https:\/\/www.bnb-blomberg.ch\/wp-content\/uploads\/2025\/11\/IMG_20251121_083448-scaled.jpg 1928w, https:\/\/www.bnb-blomberg.ch\/wp-content\/uploads\/2025\/11\/IMG_20251121_083448-226x300.jpg 226w, https:\/\/www.bnb-blomberg.ch\/wp-content\/uploads\/2025\/11\/IMG_20251121_083448-771x1024.jpg 771w, https:\/\/www.bnb-blomberg.ch\/wp-content\/uploads\/2025\/11\/IMG_20251121_083448-768x1020.jpg 768w, https:\/\/www.bnb-blomberg.ch\/wp-content\/uploads\/2025\/11\/IMG_20251121_083448-1157x1536.jpg 1157w, https:\/\/www.bnb-blomberg.ch\/wp-content\/uploads\/2025\/11\/IMG_20251121_083448-1542x2048.jpg 1542w\" sizes=\"auto, (max-width: 767px) 89vw, (max-width: 1000px) 54vw, (max-width: 1071px) 543px, 580px\" \/><\/figure>\n\n\n\n<figure class=\"wp-block-image size-large\"><img loading=\"lazy\" decoding=\"async\" width=\"771\" height=\"1024\" src=\"https:\/\/www.bnb-blomberg.ch\/wp-content\/uploads\/2025\/11\/IMG_20251121_084106-771x1024.jpg\" alt=\"\" class=\"wp-image-1464\" srcset=\"https:\/\/www.bnb-blomberg.ch\/wp-content\/uploads\/2025\/11\/IMG_20251121_084106-771x1024.jpg 771w, https:\/\/www.bnb-blomberg.ch\/wp-content\/uploads\/2025\/11\/IMG_20251121_084106-226x300.jpg 226w, https:\/\/www.bnb-blomberg.ch\/wp-content\/uploads\/2025\/11\/IMG_20251121_084106-768x1020.jpg 768w, https:\/\/www.bnb-blomberg.ch\/wp-content\/uploads\/2025\/11\/IMG_20251121_084106-1157x1536.jpg 1157w, https:\/\/www.bnb-blomberg.ch\/wp-content\/uploads\/2025\/11\/IMG_20251121_084106-1542x2048.jpg 1542w, https:\/\/www.bnb-blomberg.ch\/wp-content\/uploads\/2025\/11\/IMG_20251121_084106-scaled.jpg 1928w\" sizes=\"auto, (max-width: 767px) 89vw, (max-width: 1000px) 54vw, (max-width: 1071px) 543px, 580px\" \/><\/figure>\n\n\n\n<p>Der Sitzplatz ist beinahe zugedeckt vom Schnee.<\/p>\n\n\n\n<figure class=\"wp-block-gallery has-nested-images columns-default is-cropped wp-block-gallery-2 is-layout-flex wp-block-gallery-is-layout-flex\">\n<figure class=\"wp-block-image size-large\"><img loading=\"lazy\" decoding=\"async\" width=\"771\" height=\"1024\" data-id=\"1460\" src=\"https:\/\/www.bnb-blomberg.ch\/wp-content\/uploads\/2025\/11\/IMG_20251121_083849-771x1024.jpg\" alt=\"\" class=\"wp-image-1460\" srcset=\"https:\/\/www.bnb-blomberg.ch\/wp-content\/uploads\/2025\/11\/IMG_20251121_083849-771x1024.jpg 771w, https:\/\/www.bnb-blomberg.ch\/wp-content\/uploads\/2025\/11\/IMG_20251121_083849-226x300.jpg 226w, https:\/\/www.bnb-blomberg.ch\/wp-content\/uploads\/2025\/11\/IMG_20251121_083849-768x1020.jpg 768w, https:\/\/www.bnb-blomberg.ch\/wp-content\/uploads\/2025\/11\/IMG_20251121_083849-1157x1536.jpg 1157w, https:\/\/www.bnb-blomberg.ch\/wp-content\/uploads\/2025\/11\/IMG_20251121_083849-1542x2048.jpg 1542w, https:\/\/www.bnb-blomberg.ch\/wp-content\/uploads\/2025\/11\/IMG_20251121_083849-scaled.jpg 1928w\" sizes=\"auto, (max-width: 767px) 89vw, (max-width: 1000px) 54vw, (max-width: 1071px) 543px, 580px\" \/><figcaption class=\"wp-element-caption\">Herrlich diese Masse Schnee heute morgen 21.11.25<\/figcaption><\/figure>\n<\/figure>\n\n\n\n<figure class=\"wp-block-gallery has-nested-images columns-default is-cropped wp-block-gallery-3 is-layout-flex wp-block-gallery-is-layout-flex\">\n<figure class=\"wp-block-image size-large\"><img loading=\"lazy\" decoding=\"async\" width=\"1024\" height=\"771\" data-id=\"1465\" src=\"https:\/\/www.bnb-blomberg.ch\/wp-content\/uploads\/2025\/11\/IMG_20251121_083919-1024x771.jpg\" alt=\"\" class=\"wp-image-1465\" srcset=\"https:\/\/www.bnb-blomberg.ch\/wp-content\/uploads\/2025\/11\/IMG_20251121_083919-1024x771.jpg 1024w, https:\/\/www.bnb-blomberg.ch\/wp-content\/uploads\/2025\/11\/IMG_20251121_083919-300x226.jpg 300w, https:\/\/www.bnb-blomberg.ch\/wp-content\/uploads\/2025\/11\/IMG_20251121_083919-768x578.jpg 768w, https:\/\/www.bnb-blomberg.ch\/wp-content\/uploads\/2025\/11\/IMG_20251121_083919-1536x1157.jpg 1536w, https:\/\/www.bnb-blomberg.ch\/wp-content\/uploads\/2025\/11\/IMG_20251121_083919-2048x1542.jpg 2048w\" sizes=\"auto, (max-width: 767px) 89vw, (max-width: 1000px) 54vw, (max-width: 1071px) 543px, 580px\" \/><figcaption class=\"wp-element-caption\">bnb-blomberg im weissen Kleid<\/figcaption><\/figure>\n<\/figure>\n","protected":false},"excerpt":{"rendered":"<p>Bei uns k\u00f6nnen Sie sich erholen, abschalten, die Ruhe geniessen, wandern, velofahren, spazieren winterwandern schlitteln skifahren und einfach sein. Wir begr\u00fcssen euch gerne auf unserem Hof mit H\u00fchnern sowie einer liebenden Schmeichelkatze Joggi. Mittlerweile sind dank guter Erfahrungen auch Hundehalter und ihre vierbeinigen Begleiter herzlich willkommen wenn der Hund ruhig, zufrieden und angepasst ist . &hellip; <\/p>\n<p class=\"link-more\"><a href=\"https:\/\/www.bnb-blomberg.ch\/\" class=\"more-link\"><span class=\"screen-reader-text\">&#171;Herzlich willkommen&#187;<\/span> weiterlesen<\/a><\/p>\n","protected":false},"author":1,"featured_media":0,"parent":0,"menu_order":0,"comment_status":"closed","ping_status":"closed","template":"","meta":{"ngg_post_thumbnail":0,"footnotes":""},"class_list":["post-8","page","type-page","status-publish","hentry"],"yoast_head":"<!-- This site is optimized with the Yoast SEO plugin v26.8 - https:\/\/yoast.com\/product\/yoast-seo-wordpress\/ -->\n<title>Herzlich willkommen - BnB Blomberg<\/title>\n<meta name=\"robots\" content=\"index, follow, max-snippet:-1, max-image-preview:large, max-video-preview:-1\" \/>\n<link rel=\"canonical\" href=\"https:\/\/www.bnb-blomberg.ch\/\" \/>\n<meta property=\"og:locale\" content=\"de_DE\" \/>\n<meta property=\"og:type\" content=\"article\" \/>\n<meta property=\"og:title\" content=\"Herzlich willkommen - BnB Blomberg\" \/>\n<meta property=\"og:description\" content=\"Bei uns k\u00f6nnen Sie sich erholen, abschalten, die Ruhe geniessen, wandern, velofahren, spazieren winterwandern schlitteln skifahren und einfach sein. Wir begr\u00fcssen euch gerne auf unserem Hof mit H\u00fchnern sowie einer liebenden Schmeichelkatze Joggi. Mittlerweile sind dank guter Erfahrungen auch Hundehalter und ihre vierbeinigen Begleiter herzlich willkommen wenn der Hund ruhig, zufrieden und angepasst ist . &hellip; &quot;Herzlich willkommen&quot; weiterlesen\" \/>\n<meta property=\"og:url\" content=\"https:\/\/www.bnb-blomberg.ch\/\" \/>\n<meta property=\"og:site_name\" content=\"BnB Blomberg\" \/>\n<meta property=\"article:modified_time\" content=\"2025-11-25T13:20:40+00:00\" \/>\n<meta property=\"og:image\" content=\"https:\/\/www.bnb-blomberg.ch\/wp-content\/uploads\/2025\/11\/6.jpg\" \/>\n\t<meta property=\"og:image:width\" content=\"1200\" \/>\n\t<meta property=\"og:image:height\" content=\"1600\" \/>\n\t<meta property=\"og:image:type\" content=\"image\/jpeg\" \/>\n<meta name=\"twitter:card\" content=\"summary_large_image\" \/>\n<meta name=\"twitter:label1\" content=\"Gesch\u00e4tzte Lesezeit\" \/>\n\t<meta name=\"twitter:data1\" content=\"2 Minuten\" \/>\n<script type=\"application\/ld+json\" class=\"yoast-schema-graph\">{\"@context\":\"https:\/\/schema.org\",\"@graph\":[{\"@type\":\"WebPage\",\"@id\":\"https:\/\/www.bnb-blomberg.ch\/\",\"url\":\"https:\/\/www.bnb-blomberg.ch\/\",\"name\":\"Herzlich willkommen - BnB Blomberg\",\"isPartOf\":{\"@id\":\"https:\/\/www.bnb-blomberg.ch\/#website\"},\"primaryImageOfPage\":{\"@id\":\"https:\/\/www.bnb-blomberg.ch\/#primaryimage\"},\"image\":{\"@id\":\"https:\/\/www.bnb-blomberg.ch\/#primaryimage\"},\"thumbnailUrl\":\"https:\/\/www.bnb-blomberg.ch\/wp-content\/uploads\/2025\/11\/6-768x1024.jpg\",\"datePublished\":\"2020-04-26T14:37:00+00:00\",\"dateModified\":\"2025-11-25T13:20:40+00:00\",\"breadcrumb\":{\"@id\":\"https:\/\/www.bnb-blomberg.ch\/#breadcrumb\"},\"inLanguage\":\"de-CH\",\"potentialAction\":[{\"@type\":\"ReadAction\",\"target\":[\"https:\/\/www.bnb-blomberg.ch\/\"]}]},{\"@type\":\"ImageObject\",\"inLanguage\":\"de-CH\",\"@id\":\"https:\/\/www.bnb-blomberg.ch\/#primaryimage\",\"url\":\"https:\/\/www.bnb-blomberg.ch\/wp-content\/uploads\/2025\/11\/6.jpg\",\"contentUrl\":\"https:\/\/www.bnb-blomberg.ch\/wp-content\/uploads\/2025\/11\/6.jpg\",\"width\":1200,\"height\":1600},{\"@type\":\"BreadcrumbList\",\"@id\":\"https:\/\/www.bnb-blomberg.ch\/#breadcrumb\",\"itemListElement\":[{\"@type\":\"ListItem\",\"position\":1,\"name\":\"Home\",\"item\":\"https:\/\/www.bnb-blomberg.ch\/\"},{\"@type\":\"ListItem\",\"position\":2,\"name\":\"Herzlich willkommen\"}]},{\"@type\":\"WebSite\",\"@id\":\"https:\/\/www.bnb-blomberg.ch\/#website\",\"url\":\"https:\/\/www.bnb-blomberg.ch\/\",\"name\":\"BnB Blomberg\",\"description\":\"Bed and Breakfast im Blomberg bei Ebnat-Kappel\",\"publisher\":{\"@id\":\"https:\/\/www.bnb-blomberg.ch\/#organization\"},\"potentialAction\":[{\"@type\":\"SearchAction\",\"target\":{\"@type\":\"EntryPoint\",\"urlTemplate\":\"https:\/\/www.bnb-blomberg.ch\/?s={search_term_string}\"},\"query-input\":{\"@type\":\"PropertyValueSpecification\",\"valueRequired\":true,\"valueName\":\"search_term_string\"}}],\"inLanguage\":\"de-CH\"},{\"@type\":\"Organization\",\"@id\":\"https:\/\/www.bnb-blomberg.ch\/#organization\",\"name\":\"BnB Blomberg\",\"url\":\"https:\/\/www.bnb-blomberg.ch\/\",\"logo\":{\"@type\":\"ImageObject\",\"inLanguage\":\"de-CH\",\"@id\":\"https:\/\/www.bnb-blomberg.ch\/#\/schema\/logo\/image\/\",\"url\":\"https:\/\/www.bnb-blomberg.ch\/wp-content\/uploads\/2020\/05\/cropped-DSC_0062-scaled-1.jpg\",\"contentUrl\":\"https:\/\/www.bnb-blomberg.ch\/wp-content\/uploads\/2020\/05\/cropped-DSC_0062-scaled-1.jpg\",\"width\":249,\"height\":250,\"caption\":\"BnB Blomberg\"},\"image\":{\"@id\":\"https:\/\/www.bnb-blomberg.ch\/#\/schema\/logo\/image\/\"}}]}<\/script>\n<!-- \/ Yoast SEO plugin. -->","yoast_head_json":{"title":"Herzlich willkommen - BnB Blomberg","robots":{"index":"index","follow":"follow","max-snippet":"max-snippet:-1","max-image-preview":"max-image-preview:large","max-video-preview":"max-video-preview:-1"},"canonical":"https:\/\/www.bnb-blomberg.ch\/","og_locale":"de_DE","og_type":"article","og_title":"Herzlich willkommen - BnB Blomberg","og_description":"Bei uns k\u00f6nnen Sie sich erholen, abschalten, die Ruhe geniessen, wandern, velofahren, spazieren winterwandern schlitteln skifahren und einfach sein. Wir begr\u00fcssen euch gerne auf unserem Hof mit H\u00fchnern sowie einer liebenden Schmeichelkatze Joggi. Mittlerweile sind dank guter Erfahrungen auch Hundehalter und ihre vierbeinigen Begleiter herzlich willkommen wenn der Hund ruhig, zufrieden und angepasst ist . &hellip; \"Herzlich willkommen\" weiterlesen","og_url":"https:\/\/www.bnb-blomberg.ch\/","og_site_name":"BnB Blomberg","article_modified_time":"2025-11-25T13:20:40+00:00","og_image":[{"width":1200,"height":1600,"url":"https:\/\/www.bnb-blomberg.ch\/wp-content\/uploads\/2025\/11\/6.jpg","type":"image\/jpeg"}],"twitter_card":"summary_large_image","twitter_misc":{"Gesch\u00e4tzte Lesezeit":"2 Minuten"},"schema":{"@context":"https:\/\/schema.org","@graph":[{"@type":"WebPage","@id":"https:\/\/www.bnb-blomberg.ch\/","url":"https:\/\/www.bnb-blomberg.ch\/","name":"Herzlich willkommen - BnB Blomberg","isPartOf":{"@id":"https:\/\/www.bnb-blomberg.ch\/#website"},"primaryImageOfPage":{"@id":"https:\/\/www.bnb-blomberg.ch\/#primaryimage"},"image":{"@id":"https:\/\/www.bnb-blomberg.ch\/#primaryimage"},"thumbnailUrl":"https:\/\/www.bnb-blomberg.ch\/wp-content\/uploads\/2025\/11\/6-768x1024.jpg","datePublished":"2020-04-26T14:37:00+00:00","dateModified":"2025-11-25T13:20:40+00:00","breadcrumb":{"@id":"https:\/\/www.bnb-blomberg.ch\/#breadcrumb"},"inLanguage":"de-CH","potentialAction":[{"@type":"ReadAction","target":["https:\/\/www.bnb-blomberg.ch\/"]}]},{"@type":"ImageObject","inLanguage":"de-CH","@id":"https:\/\/www.bnb-blomberg.ch\/#primaryimage","url":"https:\/\/www.bnb-blomberg.ch\/wp-content\/uploads\/2025\/11\/6.jpg","contentUrl":"https:\/\/www.bnb-blomberg.ch\/wp-content\/uploads\/2025\/11\/6.jpg","width":1200,"height":1600},{"@type":"BreadcrumbList","@id":"https:\/\/www.bnb-blomberg.ch\/#breadcrumb","itemListElement":[{"@type":"ListItem","position":1,"name":"Home","item":"https:\/\/www.bnb-blomberg.ch\/"},{"@type":"ListItem","position":2,"name":"Herzlich willkommen"}]},{"@type":"WebSite","@id":"https:\/\/www.bnb-blomberg.ch\/#website","url":"https:\/\/www.bnb-blomberg.ch\/","name":"BnB Blomberg","description":"Bed and Breakfast im Blomberg bei Ebnat-Kappel","publisher":{"@id":"https:\/\/www.bnb-blomberg.ch\/#organization"},"potentialAction":[{"@type":"SearchAction","target":{"@type":"EntryPoint","urlTemplate":"https:\/\/www.bnb-blomberg.ch\/?s={search_term_string}"},"query-input":{"@type":"PropertyValueSpecification","valueRequired":true,"valueName":"search_term_string"}}],"inLanguage":"de-CH"},{"@type":"Organization","@id":"https:\/\/www.bnb-blomberg.ch\/#organization","name":"BnB Blomberg","url":"https:\/\/www.bnb-blomberg.ch\/","logo":{"@type":"ImageObject","inLanguage":"de-CH","@id":"https:\/\/www.bnb-blomberg.ch\/#\/schema\/logo\/image\/","url":"https:\/\/www.bnb-blomberg.ch\/wp-content\/uploads\/2020\/05\/cropped-DSC_0062-scaled-1.jpg","contentUrl":"https:\/\/www.bnb-blomberg.ch\/wp-content\/uploads\/2020\/05\/cropped-DSC_0062-scaled-1.jpg","width":249,"height":250,"caption":"BnB Blomberg"},"image":{"@id":"https:\/\/www.bnb-blomberg.ch\/#\/schema\/logo\/image\/"}}]}},"_links":{"self":[{"href":"https:\/\/www.bnb-blomberg.ch\/index.php?rest_route=\/wp\/v2\/pages\/8","targetHints":{"allow":["GET"]}}],"collection":[{"href":"https:\/\/www.bnb-blomberg.ch\/index.php?rest_route=\/wp\/v2\/pages"}],"about":[{"href":"https:\/\/www.bnb-blomberg.ch\/index.php?rest_route=\/wp\/v2\/types\/page"}],"author":[{"embeddable":true,"href":"https:\/\/www.bnb-blomberg.ch\/index.php?rest_route=\/wp\/v2\/users\/1"}],"replies":[{"embeddable":true,"href":"https:\/\/www.bnb-blomberg.ch\/index.php?rest_route=%2Fwp%2Fv2%2Fcomments&post=8"}],"version-history":[{"count":62,"href":"https:\/\/www.bnb-blomberg.ch\/index.php?rest_route=\/wp\/v2\/pages\/8\/revisions"}],"predecessor-version":[{"id":1488,"href":"https:\/\/www.bnb-blomberg.ch\/index.php?rest_route=\/wp\/v2\/pages\/8\/revisions\/1488"}],"wp:attachment":[{"href":"https:\/\/www.bnb-blomberg.ch\/index.php?rest_route=%2Fwp%2Fv2%2Fmedia&parent=8"}],"curies":[{"name":"wp","href":"https:\/\/api.w.org\/{rel}","templated":true}]}}