{"id":152,"date":"2020-05-04T19:24:25","date_gmt":"2020-05-04T19:24:25","guid":{"rendered":"https:\/\/www.bnb-blomberg.ch\/?page_id=152"},"modified":"2025-05-19T14:13:23","modified_gmt":"2025-05-19T14:13:23","slug":"gallerie","status":"publish","type":"page","link":"https:\/\/www.bnb-blomberg.ch\/?page_id=152","title":{"rendered":"\u00fcber uns"},"content":{"rendered":"\n<figure class=\"wp-block-image size-large\"><img loading=\"lazy\" decoding=\"async\" width=\"1024\" height=\"683\" src=\"https:\/\/www.bnb-blomberg.ch\/wp-content\/uploads\/2020\/04\/Bnb-VuE-3-1-1024x683.jpg\" alt=\"Viktor und Emmy Widmer-Schlumpf\" class=\"wp-image-30\" srcset=\"https:\/\/www.bnb-blomberg.ch\/wp-content\/uploads\/2020\/04\/Bnb-VuE-3-1-1024x683.jpg 1024w, https:\/\/www.bnb-blomberg.ch\/wp-content\/uploads\/2020\/04\/Bnb-VuE-3-1-300x200.jpg 300w, https:\/\/www.bnb-blomberg.ch\/wp-content\/uploads\/2020\/04\/Bnb-VuE-3-1-768x512.jpg 768w, https:\/\/www.bnb-blomberg.ch\/wp-content\/uploads\/2020\/04\/Bnb-VuE-3-1-1536x1024.jpg 1536w, https:\/\/www.bnb-blomberg.ch\/wp-content\/uploads\/2020\/04\/Bnb-VuE-3-1-2048x1365.jpg 2048w\" sizes=\"auto, (max-width: 767px) 89vw, (max-width: 1000px) 54vw, (max-width: 1071px) 543px, 580px\" \/><\/figure>\n\n\n\n<p>Seit 1977 sind wir als Ehepaar gemeinsam unterwegs. Vier Kinder, zehn Enkel, dazu einen kleinen Hof bringen Abwechslung.<\/p>\n\n\n\n<p>Wir sind gerne f\u00fcr unsere G\u00e4ste da und freuen uns auf Dich\/ euch.                                                             Wir sind unkompliziert, pflegeleicht, gastfreundlich und herzlich. Du auch? Dann passt alles wunderbar, wir freuen uns auf euch \/ Dich<\/p>\n\n\n\n<p>Zwischen Ebnat-Kappel und Krummenau, im Weiler Blomberg, haben wir unser Daheim gefunden und das Holzhaus f\u00fcr uns und unsere G\u00e4ste so eingerichtet, dass sich alle wohl f\u00fchlen. Unser Gem\u00fcsegarten -die Beeren- das Obst-die fleissig summenden Bienen und die scharrenden &nbsp;H\u00fchner helfen mit uns mehrheitlich selbst zu versorgen. Zufrieden gr\u00fcssen auch&nbsp; Fritzli und Hans zwei Laufenten und unser Schmeichelkatze Joggi. &nbsp;<\/p>\n\n\n\n<p>Das sch\u00f6n renovierte Bauernhaus geschm\u00fcckt rundum mit Geranien, steht 750 Meter \u00fcber Meer, eingebettet in der Toggenburger H\u00fcgellandschaft und umgeben von saftig gr\u00fcnen Wiesen. Bei dieser Idylle erfreuen wir uns dass das heimelige BnB Angebot, also Bett und Fr\u00fchst\u00fcck gerne genutzt wird und wir bereits auf viele Stammg\u00e4ste z\u00e4hlen d\u00fcrfen, welche sich wohl f\u00fchlen und immer wieder gerne Halt machen.<\/p>\n\n\n\n<p>\u00abWir haben G\u00e4ste aus aller Welt und freuen uns neue Begegnungen zu machen und zu beherbergen, welche Leben und Abwechslung in unser Haus bringen wo auch gerne unsere Jungen und Enkelkinder die Freizeit und Ferien verbringen. <\/p>\n\n\n\n<p>Schauen Sie herein, Sie werden es gut haben bei uns!<\/p>\n\n\n\n<figure class=\"wp-block-gallery has-nested-images columns-default is-cropped wp-block-gallery-1 is-layout-flex wp-block-gallery-is-layout-flex\">\n<figure class=\"wp-block-image size-large\"><img loading=\"lazy\" decoding=\"async\" width=\"1024\" height=\"768\" data-id=\"1376\" src=\"https:\/\/www.bnb-blomberg.ch\/wp-content\/uploads\/2025\/05\/IMG_1519-1024x768.jpg\" alt=\"\" class=\"wp-image-1376\" srcset=\"https:\/\/www.bnb-blomberg.ch\/wp-content\/uploads\/2025\/05\/IMG_1519-1024x768.jpg 1024w, https:\/\/www.bnb-blomberg.ch\/wp-content\/uploads\/2025\/05\/IMG_1519-300x225.jpg 300w, https:\/\/www.bnb-blomberg.ch\/wp-content\/uploads\/2025\/05\/IMG_1519-768x576.jpg 768w, https:\/\/www.bnb-blomberg.ch\/wp-content\/uploads\/2025\/05\/IMG_1519-1536x1152.jpg 1536w, https:\/\/www.bnb-blomberg.ch\/wp-content\/uploads\/2025\/05\/IMG_1519-2048x1536.jpg 2048w\" sizes=\"auto, (max-width: 767px) 89vw, (max-width: 1000px) 54vw, (max-width: 1071px) 543px, 580px\" \/><\/figure>\n<\/figure>\n\n\n\n<figure class=\"wp-block-image size-large\"><img loading=\"lazy\" decoding=\"async\" width=\"1024\" height=\"768\" src=\"https:\/\/www.bnb-blomberg.ch\/wp-content\/uploads\/2025\/05\/Huhn--1024x768.jpg\" alt=\"\" class=\"wp-image-1375\" srcset=\"https:\/\/www.bnb-blomberg.ch\/wp-content\/uploads\/2025\/05\/Huhn--1024x768.jpg 1024w, https:\/\/www.bnb-blomberg.ch\/wp-content\/uploads\/2025\/05\/Huhn--300x225.jpg 300w, https:\/\/www.bnb-blomberg.ch\/wp-content\/uploads\/2025\/05\/Huhn--768x576.jpg 768w, https:\/\/www.bnb-blomberg.ch\/wp-content\/uploads\/2025\/05\/Huhn--1536x1152.jpg 1536w, https:\/\/www.bnb-blomberg.ch\/wp-content\/uploads\/2025\/05\/Huhn--2048x1536.jpg 2048w\" sizes=\"auto, (max-width: 767px) 89vw, (max-width: 1000px) 54vw, (max-width: 1071px) 543px, 580px\" \/><\/figure>\n\n\n\n<figure class=\"wp-block-image size-full\"><img loading=\"lazy\" decoding=\"async\" width=\"720\" height=\"480\" src=\"https:\/\/www.bnb-blomberg.ch\/wp-content\/uploads\/2023\/04\/Gal_1.jpg\" alt=\"Umschlag des G\u00e4stebuchs\" class=\"wp-image-720\" srcset=\"https:\/\/www.bnb-blomberg.ch\/wp-content\/uploads\/2023\/04\/Gal_1.jpg 720w, https:\/\/www.bnb-blomberg.ch\/wp-content\/uploads\/2023\/04\/Gal_1-300x200.jpg 300w\" sizes=\"auto, (max-width: 720px) 100vw, 720px\" \/><\/figure>\n\n\n\n<p>Wir freuen uns auf einen G\u00e4stebucheintrag! <\/p>\n\n\n\n<figure class=\"wp-block-image size-large\"><img loading=\"lazy\" decoding=\"async\" width=\"1024\" height=\"768\" src=\"https:\/\/www.bnb-blomberg.ch\/wp-content\/uploads\/2023\/02\/IMG_0823-1024x768.jpg\" alt=\"\" class=\"wp-image-695\" srcset=\"https:\/\/www.bnb-blomberg.ch\/wp-content\/uploads\/2023\/02\/IMG_0823-1024x768.jpg 1024w, https:\/\/www.bnb-blomberg.ch\/wp-content\/uploads\/2023\/02\/IMG_0823-300x225.jpg 300w, https:\/\/www.bnb-blomberg.ch\/wp-content\/uploads\/2023\/02\/IMG_0823-768x576.jpg 768w, https:\/\/www.bnb-blomberg.ch\/wp-content\/uploads\/2023\/02\/IMG_0823-1536x1152.jpg 1536w, https:\/\/www.bnb-blomberg.ch\/wp-content\/uploads\/2023\/02\/IMG_0823-2048x1536.jpg 2048w\" sizes=\"auto, (max-width: 767px) 89vw, (max-width: 1000px) 54vw, (max-width: 1071px) 543px, 580px\" \/><figcaption class=\"wp-element-caption\">Bei uns kommt wenn immer m\u00f6glich selbstgebackenes Brot und regionalen K\u00e4se auf den Tisch.<\/figcaption><\/figure>\n\n\n\n<figure class=\"wp-block-image size-large\"><img loading=\"lazy\" decoding=\"async\" width=\"1024\" height=\"768\" src=\"https:\/\/www.bnb-blomberg.ch\/wp-content\/uploads\/2025\/05\/IMG_6226-1-1024x768.jpg\" alt=\"\" class=\"wp-image-1297\" srcset=\"https:\/\/www.bnb-blomberg.ch\/wp-content\/uploads\/2025\/05\/IMG_6226-1-1024x768.jpg 1024w, https:\/\/www.bnb-blomberg.ch\/wp-content\/uploads\/2025\/05\/IMG_6226-1-300x225.jpg 300w, https:\/\/www.bnb-blomberg.ch\/wp-content\/uploads\/2025\/05\/IMG_6226-1-768x576.jpg 768w, https:\/\/www.bnb-blomberg.ch\/wp-content\/uploads\/2025\/05\/IMG_6226-1-1536x1152.jpg 1536w, https:\/\/www.bnb-blomberg.ch\/wp-content\/uploads\/2025\/05\/IMG_6226-1-2048x1536.jpg 2048w\" sizes=\"auto, (max-width: 767px) 89vw, (max-width: 1000px) 54vw, (max-width: 1071px) 543px, 580px\" \/><\/figure>\n\n\n\n<p>Es guets Zmorge isch am 8 i ufem Tisch parat. <\/p>\n\n\n\n<figure class=\"wp-block-gallery has-nested-images columns-default is-cropped wp-block-gallery-2 is-layout-flex wp-block-gallery-is-layout-flex\">\n<figure class=\"wp-block-image size-large\"><img loading=\"lazy\" decoding=\"async\" width=\"1024\" height=\"771\" data-id=\"1304\" src=\"https:\/\/www.bnb-blomberg.ch\/wp-content\/uploads\/2025\/05\/Eierbild-1024x771.jpg\" alt=\"\" class=\"wp-image-1304\" srcset=\"https:\/\/www.bnb-blomberg.ch\/wp-content\/uploads\/2025\/05\/Eierbild-1024x771.jpg 1024w, https:\/\/www.bnb-blomberg.ch\/wp-content\/uploads\/2025\/05\/Eierbild-300x226.jpg 300w, https:\/\/www.bnb-blomberg.ch\/wp-content\/uploads\/2025\/05\/Eierbild-768x578.jpg 768w, https:\/\/www.bnb-blomberg.ch\/wp-content\/uploads\/2025\/05\/Eierbild-1536x1157.jpg 1536w, https:\/\/www.bnb-blomberg.ch\/wp-content\/uploads\/2025\/05\/Eierbild-2048x1542.jpg 2048w\" sizes=\"auto, (max-width: 767px) 89vw, (max-width: 1000px) 54vw, (max-width: 1071px) 543px, 580px\" \/><figcaption class=\"wp-element-caption\">mit frische Eier<\/figcaption><\/figure>\n<\/figure>\n\n\n\n<figure class=\"wp-block-gallery has-nested-images columns-default is-cropped wp-block-gallery-3 is-layout-flex wp-block-gallery-is-layout-flex\">\n<figure class=\"wp-block-image size-large\"><img loading=\"lazy\" decoding=\"async\" width=\"681\" height=\"1024\" data-id=\"1316\" src=\"https:\/\/www.bnb-blomberg.ch\/wp-content\/uploads\/2025\/05\/Schneeballe2-681x1024.jpg\" alt=\"\" class=\"wp-image-1316\" srcset=\"https:\/\/www.bnb-blomberg.ch\/wp-content\/uploads\/2025\/05\/Schneeballe2-681x1024.jpg 681w, https:\/\/www.bnb-blomberg.ch\/wp-content\/uploads\/2025\/05\/Schneeballe2-199x300.jpg 199w, https:\/\/www.bnb-blomberg.ch\/wp-content\/uploads\/2025\/05\/Schneeballe2-768x1155.jpg 768w, https:\/\/www.bnb-blomberg.ch\/wp-content\/uploads\/2025\/05\/Schneeballe2-1021x1536.jpg 1021w, https:\/\/www.bnb-blomberg.ch\/wp-content\/uploads\/2025\/05\/Schneeballe2-1362x2048.jpg 1362w, https:\/\/www.bnb-blomberg.ch\/wp-content\/uploads\/2025\/05\/Schneeballe2-scaled.jpg 1702w\" sizes=\"auto, (max-width: 681px) 100vw, 681px\" \/><figcaption class=\"wp-element-caption\">wenn Schneeballe bl\u00fcehnd im Mai&#8230;<\/figcaption><\/figure>\n<\/figure>\n\n\n\n<figure class=\"wp-block-gallery has-nested-images columns-default is-cropped wp-block-gallery-4 is-layout-flex wp-block-gallery-is-layout-flex\">\n<figure class=\"wp-block-image size-full\"><img loading=\"lazy\" decoding=\"async\" width=\"1920\" height=\"2560\" data-id=\"1308\" src=\"https:\/\/www.bnb-blomberg.ch\/wp-content\/uploads\/2025\/05\/Enkeltafel3-scaled.jpg\" alt=\"\" class=\"wp-image-1308\" srcset=\"https:\/\/www.bnb-blomberg.ch\/wp-content\/uploads\/2025\/05\/Enkeltafel3-scaled.jpg 1920w, https:\/\/www.bnb-blomberg.ch\/wp-content\/uploads\/2025\/05\/Enkeltafel3-225x300.jpg 225w, https:\/\/www.bnb-blomberg.ch\/wp-content\/uploads\/2025\/05\/Enkeltafel3-768x1024.jpg 768w, https:\/\/www.bnb-blomberg.ch\/wp-content\/uploads\/2025\/05\/Enkeltafel3-1152x1536.jpg 1152w, https:\/\/www.bnb-blomberg.ch\/wp-content\/uploads\/2025\/05\/Enkeltafel3-1536x2048.jpg 1536w\" sizes=\"auto, (max-width: 767px) 89vw, (max-width: 1000px) 54vw, (max-width: 1071px) 543px, 580px\" \/><figcaption class=\"wp-element-caption\">Enkel-Wegwyser vor em Hus<\/figcaption><\/figure>\n<\/figure>\n\n\n\n<figure class=\"wp-block-gallery has-nested-images columns-default is-cropped wp-block-gallery-5 is-layout-flex wp-block-gallery-is-layout-flex\">\n<figure class=\"wp-block-image size-large\"><img loading=\"lazy\" decoding=\"async\" width=\"768\" height=\"1024\" data-id=\"916\" src=\"https:\/\/www.bnb-blomberg.ch\/wp-content\/uploads\/2024\/03\/VWLQ6323-768x1024.jpg\" alt=\"\" class=\"wp-image-916\" srcset=\"https:\/\/www.bnb-blomberg.ch\/wp-content\/uploads\/2024\/03\/VWLQ6323-768x1024.jpg 768w, https:\/\/www.bnb-blomberg.ch\/wp-content\/uploads\/2024\/03\/VWLQ6323-225x300.jpg 225w, https:\/\/www.bnb-blomberg.ch\/wp-content\/uploads\/2024\/03\/VWLQ6323-1152x1536.jpg 1152w, https:\/\/www.bnb-blomberg.ch\/wp-content\/uploads\/2024\/03\/VWLQ6323.jpg 1200w\" sizes=\"auto, (max-width: 767px) 89vw, (max-width: 1000px) 54vw, (max-width: 1071px) 543px, 580px\" \/><figcaption class=\"wp-element-caption\">Alpauffahrt direkt  beim Bnb vorbei<\/figcaption><\/figure>\n\n\n\n<figure class=\"wp-block-image size-large\"><img loading=\"lazy\" decoding=\"async\" width=\"1015\" height=\"677\" data-id=\"409\" src=\"https:\/\/www.bnb-blomberg.ch\/wp-content\/uploads\/2021\/06\/Kinder-und-Ziegen.jpg\" alt=\"\" class=\"wp-image-409\" srcset=\"https:\/\/www.bnb-blomberg.ch\/wp-content\/uploads\/2021\/06\/Kinder-und-Ziegen.jpg 1015w, https:\/\/www.bnb-blomberg.ch\/wp-content\/uploads\/2021\/06\/Kinder-und-Ziegen-300x200.jpg 300w, https:\/\/www.bnb-blomberg.ch\/wp-content\/uploads\/2021\/06\/Kinder-und-Ziegen-768x512.jpg 768w\" sizes=\"auto, (max-width: 767px) 89vw, (max-width: 1000px) 54vw, (max-width: 1071px) 543px, 580px\" \/><figcaption class=\"wp-element-caption\">Jetz gots wieder z`Alp <\/figcaption><\/figure>\n<\/figure>\n\n\n\n<figure class=\"wp-block-gallery has-nested-images columns-default is-cropped wp-block-gallery-6 is-layout-flex wp-block-gallery-is-layout-flex\">\n<figure class=\"wp-block-image size-large\"><img loading=\"lazy\" decoding=\"async\" width=\"1024\" height=\"768\" data-id=\"1378\" src=\"https:\/\/www.bnb-blomberg.ch\/wp-content\/uploads\/2025\/05\/IMG_1562-1024x768.jpg\" alt=\"\" class=\"wp-image-1378\" srcset=\"https:\/\/www.bnb-blomberg.ch\/wp-content\/uploads\/2025\/05\/IMG_1562-1024x768.jpg 1024w, https:\/\/www.bnb-blomberg.ch\/wp-content\/uploads\/2025\/05\/IMG_1562-300x225.jpg 300w, https:\/\/www.bnb-blomberg.ch\/wp-content\/uploads\/2025\/05\/IMG_1562-768x576.jpg 768w, https:\/\/www.bnb-blomberg.ch\/wp-content\/uploads\/2025\/05\/IMG_1562-1536x1152.jpg 1536w, https:\/\/www.bnb-blomberg.ch\/wp-content\/uploads\/2025\/05\/IMG_1562-2048x1536.jpg 2048w\" sizes=\"auto, (max-width: 767px) 89vw, (max-width: 1000px) 54vw, (max-width: 1071px) 543px, 580px\" \/><\/figure>\n<\/figure>\n\n\n\n<figure class=\"wp-block-gallery has-nested-images columns-default is-cropped wp-block-gallery-7 is-layout-flex wp-block-gallery-is-layout-flex\">\n<figure class=\"wp-block-image size-large\"><img loading=\"lazy\" decoding=\"async\" width=\"1024\" height=\"768\" data-id=\"1379\" src=\"https:\/\/www.bnb-blomberg.ch\/wp-content\/uploads\/2025\/05\/PHOTO-2022-02-28-18-37-23-1024x768.jpg\" alt=\"\" class=\"wp-image-1379\" srcset=\"https:\/\/www.bnb-blomberg.ch\/wp-content\/uploads\/2025\/05\/PHOTO-2022-02-28-18-37-23-1024x768.jpg 1024w, https:\/\/www.bnb-blomberg.ch\/wp-content\/uploads\/2025\/05\/PHOTO-2022-02-28-18-37-23-300x225.jpg 300w, https:\/\/www.bnb-blomberg.ch\/wp-content\/uploads\/2025\/05\/PHOTO-2022-02-28-18-37-23-768x576.jpg 768w, https:\/\/www.bnb-blomberg.ch\/wp-content\/uploads\/2025\/05\/PHOTO-2022-02-28-18-37-23-1536x1152.jpg 1536w, https:\/\/www.bnb-blomberg.ch\/wp-content\/uploads\/2025\/05\/PHOTO-2022-02-28-18-37-23.jpg 2048w\" sizes=\"auto, (max-width: 767px) 89vw, (max-width: 1000px) 54vw, (max-width: 1071px) 543px, 580px\" \/><\/figure>\n<\/figure>\n","protected":false},"excerpt":{"rendered":"<p>Seit 1977 sind wir als Ehepaar gemeinsam unterwegs. Vier Kinder, zehn Enkel, dazu einen kleinen Hof bringen Abwechslung. Wir sind gerne f\u00fcr unsere G\u00e4ste da und freuen uns auf Dich\/ euch. Wir sind unkompliziert, pflegeleicht, gastfreundlich und herzlich. Du auch? Dann passt alles wunderbar, wir freuen uns auf euch \/ Dich Zwischen Ebnat-Kappel und Krummenau, &hellip; <\/p>\n<p class=\"link-more\"><a href=\"https:\/\/www.bnb-blomberg.ch\/?page_id=152\" class=\"more-link\"><span class=\"screen-reader-text\">&#171;\u00fcber uns&#187;<\/span> weiterlesen<\/a><\/p>\n","protected":false},"author":1,"featured_media":0,"parent":0,"menu_order":0,"comment_status":"closed","ping_status":"closed","template":"","meta":{"ngg_post_thumbnail":0,"footnotes":""},"class_list":["post-152","page","type-page","status-publish","hentry"],"yoast_head":"<!-- This site is optimized with the Yoast SEO plugin v26.8 - https:\/\/yoast.com\/product\/yoast-seo-wordpress\/ -->\n<title>\u00fcber uns - BnB Blomberg<\/title>\n<meta name=\"robots\" content=\"index, follow, max-snippet:-1, max-image-preview:large, max-video-preview:-1\" \/>\n<link rel=\"canonical\" href=\"https:\/\/www.bnb-blomberg.ch\/?page_id=152\" \/>\n<meta property=\"og:locale\" content=\"de_DE\" \/>\n<meta property=\"og:type\" content=\"article\" \/>\n<meta property=\"og:title\" content=\"\u00fcber uns - BnB Blomberg\" \/>\n<meta property=\"og:description\" content=\"Seit 1977 sind wir als Ehepaar gemeinsam unterwegs. Vier Kinder, zehn Enkel, dazu einen kleinen Hof bringen Abwechslung. Wir sind gerne f\u00fcr unsere G\u00e4ste da und freuen uns auf Dich\/ euch. Wir sind unkompliziert, pflegeleicht, gastfreundlich und herzlich. Du auch? Dann passt alles wunderbar, wir freuen uns auf euch \/ Dich Zwischen Ebnat-Kappel und Krummenau, &hellip; &quot;\u00fcber uns&quot; weiterlesen\" \/>\n<meta property=\"og:url\" content=\"https:\/\/www.bnb-blomberg.ch\/?page_id=152\" \/>\n<meta property=\"og:site_name\" content=\"BnB Blomberg\" \/>\n<meta property=\"article:modified_time\" content=\"2025-05-19T14:13:23+00:00\" \/>\n<meta property=\"og:image\" content=\"https:\/\/www.bnb-blomberg.ch\/wp-content\/uploads\/2020\/04\/Bnb-VuE-3-1-scaled.jpg\" \/>\n\t<meta property=\"og:image:width\" content=\"2560\" \/>\n\t<meta property=\"og:image:height\" content=\"1707\" \/>\n\t<meta property=\"og:image:type\" content=\"image\/jpeg\" \/>\n<meta name=\"twitter:card\" content=\"summary_large_image\" \/>\n<meta name=\"twitter:label1\" content=\"Gesch\u00e4tzte Lesezeit\" \/>\n\t<meta name=\"twitter:data1\" content=\"5 Minuten\" \/>\n<script type=\"application\/ld+json\" class=\"yoast-schema-graph\">{\"@context\":\"https:\/\/schema.org\",\"@graph\":[{\"@type\":\"WebPage\",\"@id\":\"https:\/\/www.bnb-blomberg.ch\/?page_id=152\",\"url\":\"https:\/\/www.bnb-blomberg.ch\/?page_id=152\",\"name\":\"\u00fcber uns - BnB Blomberg\",\"isPartOf\":{\"@id\":\"https:\/\/www.bnb-blomberg.ch\/#website\"},\"primaryImageOfPage\":{\"@id\":\"https:\/\/www.bnb-blomberg.ch\/?page_id=152#primaryimage\"},\"image\":{\"@id\":\"https:\/\/www.bnb-blomberg.ch\/?page_id=152#primaryimage\"},\"thumbnailUrl\":\"https:\/\/www.bnb-blomberg.ch\/wp-content\/uploads\/2020\/04\/Bnb-VuE-3-1-1024x683.jpg\",\"datePublished\":\"2020-05-04T19:24:25+00:00\",\"dateModified\":\"2025-05-19T14:13:23+00:00\",\"breadcrumb\":{\"@id\":\"https:\/\/www.bnb-blomberg.ch\/?page_id=152#breadcrumb\"},\"inLanguage\":\"de-CH\",\"potentialAction\":[{\"@type\":\"ReadAction\",\"target\":[\"https:\/\/www.bnb-blomberg.ch\/?page_id=152\"]}]},{\"@type\":\"ImageObject\",\"inLanguage\":\"de-CH\",\"@id\":\"https:\/\/www.bnb-blomberg.ch\/?page_id=152#primaryimage\",\"url\":\"https:\/\/www.bnb-blomberg.ch\/wp-content\/uploads\/2020\/04\/Bnb-VuE-3-1-1024x683.jpg\",\"contentUrl\":\"https:\/\/www.bnb-blomberg.ch\/wp-content\/uploads\/2020\/04\/Bnb-VuE-3-1-1024x683.jpg\"},{\"@type\":\"BreadcrumbList\",\"@id\":\"https:\/\/www.bnb-blomberg.ch\/?page_id=152#breadcrumb\",\"itemListElement\":[{\"@type\":\"ListItem\",\"position\":1,\"name\":\"Home\",\"item\":\"https:\/\/www.bnb-blomberg.ch\/\"},{\"@type\":\"ListItem\",\"position\":2,\"name\":\"\u00fcber uns\"}]},{\"@type\":\"WebSite\",\"@id\":\"https:\/\/www.bnb-blomberg.ch\/#website\",\"url\":\"https:\/\/www.bnb-blomberg.ch\/\",\"name\":\"BnB Blomberg\",\"description\":\"Bed and Breakfast im Blomberg bei Ebnat-Kappel\",\"publisher\":{\"@id\":\"https:\/\/www.bnb-blomberg.ch\/#organization\"},\"potentialAction\":[{\"@type\":\"SearchAction\",\"target\":{\"@type\":\"EntryPoint\",\"urlTemplate\":\"https:\/\/www.bnb-blomberg.ch\/?s={search_term_string}\"},\"query-input\":{\"@type\":\"PropertyValueSpecification\",\"valueRequired\":true,\"valueName\":\"search_term_string\"}}],\"inLanguage\":\"de-CH\"},{\"@type\":\"Organization\",\"@id\":\"https:\/\/www.bnb-blomberg.ch\/#organization\",\"name\":\"BnB Blomberg\",\"url\":\"https:\/\/www.bnb-blomberg.ch\/\",\"logo\":{\"@type\":\"ImageObject\",\"inLanguage\":\"de-CH\",\"@id\":\"https:\/\/www.bnb-blomberg.ch\/#\/schema\/logo\/image\/\",\"url\":\"https:\/\/www.bnb-blomberg.ch\/wp-content\/uploads\/2020\/05\/cropped-DSC_0062-scaled-1.jpg\",\"contentUrl\":\"https:\/\/www.bnb-blomberg.ch\/wp-content\/uploads\/2020\/05\/cropped-DSC_0062-scaled-1.jpg\",\"width\":249,\"height\":250,\"caption\":\"BnB Blomberg\"},\"image\":{\"@id\":\"https:\/\/www.bnb-blomberg.ch\/#\/schema\/logo\/image\/\"}}]}<\/script>\n<!-- \/ Yoast SEO plugin. -->","yoast_head_json":{"title":"\u00fcber uns - BnB Blomberg","robots":{"index":"index","follow":"follow","max-snippet":"max-snippet:-1","max-image-preview":"max-image-preview:large","max-video-preview":"max-video-preview:-1"},"canonical":"https:\/\/www.bnb-blomberg.ch\/?page_id=152","og_locale":"de_DE","og_type":"article","og_title":"\u00fcber uns - BnB Blomberg","og_description":"Seit 1977 sind wir als Ehepaar gemeinsam unterwegs. Vier Kinder, zehn Enkel, dazu einen kleinen Hof bringen Abwechslung. Wir sind gerne f\u00fcr unsere G\u00e4ste da und freuen uns auf Dich\/ euch. Wir sind unkompliziert, pflegeleicht, gastfreundlich und herzlich. Du auch? Dann passt alles wunderbar, wir freuen uns auf euch \/ Dich Zwischen Ebnat-Kappel und Krummenau, &hellip; \"\u00fcber uns\" weiterlesen","og_url":"https:\/\/www.bnb-blomberg.ch\/?page_id=152","og_site_name":"BnB Blomberg","article_modified_time":"2025-05-19T14:13:23+00:00","og_image":[{"width":2560,"height":1707,"url":"https:\/\/www.bnb-blomberg.ch\/wp-content\/uploads\/2020\/04\/Bnb-VuE-3-1-scaled.jpg","type":"image\/jpeg"}],"twitter_card":"summary_large_image","twitter_misc":{"Gesch\u00e4tzte Lesezeit":"5 Minuten"},"schema":{"@context":"https:\/\/schema.org","@graph":[{"@type":"WebPage","@id":"https:\/\/www.bnb-blomberg.ch\/?page_id=152","url":"https:\/\/www.bnb-blomberg.ch\/?page_id=152","name":"\u00fcber uns - BnB Blomberg","isPartOf":{"@id":"https:\/\/www.bnb-blomberg.ch\/#website"},"primaryImageOfPage":{"@id":"https:\/\/www.bnb-blomberg.ch\/?page_id=152#primaryimage"},"image":{"@id":"https:\/\/www.bnb-blomberg.ch\/?page_id=152#primaryimage"},"thumbnailUrl":"https:\/\/www.bnb-blomberg.ch\/wp-content\/uploads\/2020\/04\/Bnb-VuE-3-1-1024x683.jpg","datePublished":"2020-05-04T19:24:25+00:00","dateModified":"2025-05-19T14:13:23+00:00","breadcrumb":{"@id":"https:\/\/www.bnb-blomberg.ch\/?page_id=152#breadcrumb"},"inLanguage":"de-CH","potentialAction":[{"@type":"ReadAction","target":["https:\/\/www.bnb-blomberg.ch\/?page_id=152"]}]},{"@type":"ImageObject","inLanguage":"de-CH","@id":"https:\/\/www.bnb-blomberg.ch\/?page_id=152#primaryimage","url":"https:\/\/www.bnb-blomberg.ch\/wp-content\/uploads\/2020\/04\/Bnb-VuE-3-1-1024x683.jpg","contentUrl":"https:\/\/www.bnb-blomberg.ch\/wp-content\/uploads\/2020\/04\/Bnb-VuE-3-1-1024x683.jpg"},{"@type":"BreadcrumbList","@id":"https:\/\/www.bnb-blomberg.ch\/?page_id=152#breadcrumb","itemListElement":[{"@type":"ListItem","position":1,"name":"Home","item":"https:\/\/www.bnb-blomberg.ch\/"},{"@type":"ListItem","position":2,"name":"\u00fcber uns"}]},{"@type":"WebSite","@id":"https:\/\/www.bnb-blomberg.ch\/#website","url":"https:\/\/www.bnb-blomberg.ch\/","name":"BnB Blomberg","description":"Bed and Breakfast im Blomberg bei Ebnat-Kappel","publisher":{"@id":"https:\/\/www.bnb-blomberg.ch\/#organization"},"potentialAction":[{"@type":"SearchAction","target":{"@type":"EntryPoint","urlTemplate":"https:\/\/www.bnb-blomberg.ch\/?s={search_term_string}"},"query-input":{"@type":"PropertyValueSpecification","valueRequired":true,"valueName":"search_term_string"}}],"inLanguage":"de-CH"},{"@type":"Organization","@id":"https:\/\/www.bnb-blomberg.ch\/#organization","name":"BnB Blomberg","url":"https:\/\/www.bnb-blomberg.ch\/","logo":{"@type":"ImageObject","inLanguage":"de-CH","@id":"https:\/\/www.bnb-blomberg.ch\/#\/schema\/logo\/image\/","url":"https:\/\/www.bnb-blomberg.ch\/wp-content\/uploads\/2020\/05\/cropped-DSC_0062-scaled-1.jpg","contentUrl":"https:\/\/www.bnb-blomberg.ch\/wp-content\/uploads\/2020\/05\/cropped-DSC_0062-scaled-1.jpg","width":249,"height":250,"caption":"BnB Blomberg"},"image":{"@id":"https:\/\/www.bnb-blomberg.ch\/#\/schema\/logo\/image\/"}}]}},"_links":{"self":[{"href":"https:\/\/www.bnb-blomberg.ch\/index.php?rest_route=\/wp\/v2\/pages\/152","targetHints":{"allow":["GET"]}}],"collection":[{"href":"https:\/\/www.bnb-blomberg.ch\/index.php?rest_route=\/wp\/v2\/pages"}],"about":[{"href":"https:\/\/www.bnb-blomberg.ch\/index.php?rest_route=\/wp\/v2\/types\/page"}],"author":[{"embeddable":true,"href":"https:\/\/www.bnb-blomberg.ch\/index.php?rest_route=\/wp\/v2\/users\/1"}],"replies":[{"embeddable":true,"href":"https:\/\/www.bnb-blomberg.ch\/index.php?rest_route=%2Fwp%2Fv2%2Fcomments&post=152"}],"version-history":[{"count":45,"href":"https:\/\/www.bnb-blomberg.ch\/index.php?rest_route=\/wp\/v2\/pages\/152\/revisions"}],"predecessor-version":[{"id":1380,"href":"https:\/\/www.bnb-blomberg.ch\/index.php?rest_route=\/wp\/v2\/pages\/152\/revisions\/1380"}],"wp:attachment":[{"href":"https:\/\/www.bnb-blomberg.ch\/index.php?rest_route=%2Fwp%2Fv2%2Fmedia&parent=152"}],"curies":[{"name":"wp","href":"https:\/\/api.w.org\/{rel}","templated":true}]}}